{"id":265,"date":"2026-01-13T14:09:22","date_gmt":"2026-01-13T11:09:22","guid":{"rendered":"http:\/\/localhost\/wordpress\/?page_id=265"},"modified":"2026-01-13T14:09:22","modified_gmt":"2026-01-13T11:09:22","slug":"urunler","status":"publish","type":"page","link":"https:\/\/kolaysoftoptik.com\/index.php\/urunler\/","title":{"rendered":"\u00dcr\u00fcnler"},"content":{"rendered":"","protected":false},"excerpt":{"rendered":"","protected":false},"author":1,"featured_media":0,"parent":0,"menu_order":0,"comment_status":"closed","ping_status":"closed","template":"","meta":{"footnotes":""},"class_list":["post-265","page","type-page","status-publish","hentry"],"yoast_head":"<!-- This site is optimized with the Yoast SEO Premium plugin v27.3 (Yoast SEO v27.3) - https:\/\/yoast.com\/product\/yoast-seo-premium-wordpress\/ -->\n<title>\u00dcr\u00fcnler - KolaysoftOptik<\/title>\n<meta name=\"robots\" content=\"index, follow, max-snippet:-1, max-image-preview:large, max-video-preview:-1\" \/>\n<link rel=\"canonical\" href=\"https:\/\/kolaysoftoptik.com\/index.php\/urunler\/\" \/>\n<meta property=\"og:locale\" content=\"tr_TR\" \/>\n<meta property=\"og:type\" content=\"article\" \/>\n<meta property=\"og:title\" content=\"\u00dcr\u00fcnler\" \/>\n<meta property=\"og:url\" content=\"https:\/\/kolaysoftoptik.com\/index.php\/urunler\/\" \/>\n<meta property=\"og:site_name\" content=\"KolaysoftOptik\" \/>\n<meta name=\"twitter:card\" content=\"summary_large_image\" \/>\n<script type=\"application\/ld+json\" class=\"yoast-schema-graph\">{\"@context\":\"https:\\\/\\\/schema.org\",\"@graph\":[{\"@type\":\"WebPage\",\"@id\":\"https:\\\/\\\/kolaysoftoptik.com\\\/index.php\\\/urunler\\\/\",\"url\":\"https:\\\/\\\/kolaysoftoptik.com\\\/index.php\\\/urunler\\\/\",\"name\":\"\u00dcr\u00fcnler - KolaysoftOptik\",\"isPartOf\":{\"@id\":\"https:\\\/\\\/kolaysoftoptik.com\\\/#website\"},\"datePublished\":\"2026-01-13T11:09:22+00:00\",\"breadcrumb\":{\"@id\":\"https:\\\/\\\/kolaysoftoptik.com\\\/index.php\\\/urunler\\\/#breadcrumb\"},\"inLanguage\":\"tr\",\"potentialAction\":[{\"@type\":\"ReadAction\",\"target\":[\"https:\\\/\\\/kolaysoftoptik.com\\\/index.php\\\/urunler\\\/\"]}]},{\"@type\":\"BreadcrumbList\",\"@id\":\"https:\\\/\\\/kolaysoftoptik.com\\\/index.php\\\/urunler\\\/#breadcrumb\",\"itemListElement\":[{\"@type\":\"ListItem\",\"position\":1,\"name\":\"Anasayfa\",\"item\":\"https:\\\/\\\/kolaysoftoptik.com\\\/\"},{\"@type\":\"ListItem\",\"position\":2,\"name\":\"\u00dcr\u00fcnler\"}]},{\"@type\":\"WebSite\",\"@id\":\"https:\\\/\\\/kolaysoftoptik.com\\\/#website\",\"url\":\"https:\\\/\\\/kolaysoftoptik.com\\\/\",\"name\":\"KolaysoftOptik\",\"description\":\"Optik Ma\u011fazan\u0131z \u0130\u00e7in U\u00e7tan Uca Dijital \u00c7\u00f6z\u00fcmler\",\"potentialAction\":[{\"@type\":\"SearchAction\",\"target\":{\"@type\":\"EntryPoint\",\"urlTemplate\":\"https:\\\/\\\/kolaysoftoptik.com\\\/?s={search_term_string}\"},\"query-input\":{\"@type\":\"PropertyValueSpecification\",\"valueRequired\":true,\"valueName\":\"search_term_string\"}}],\"inLanguage\":\"tr\"}]}<\/script>\n<!-- \/ Yoast SEO Premium plugin. -->","yoast_head_json":{"title":"\u00dcr\u00fcnler - KolaysoftOptik","robots":{"index":"index","follow":"follow","max-snippet":"max-snippet:-1","max-image-preview":"max-image-preview:large","max-video-preview":"max-video-preview:-1"},"canonical":"https:\/\/kolaysoftoptik.com\/index.php\/urunler\/","og_locale":"tr_TR","og_type":"article","og_title":"\u00dcr\u00fcnler","og_url":"https:\/\/kolaysoftoptik.com\/index.php\/urunler\/","og_site_name":"KolaysoftOptik","twitter_card":"summary_large_image","schema":{"@context":"https:\/\/schema.org","@graph":[{"@type":"WebPage","@id":"https:\/\/kolaysoftoptik.com\/index.php\/urunler\/","url":"https:\/\/kolaysoftoptik.com\/index.php\/urunler\/","name":"\u00dcr\u00fcnler - KolaysoftOptik","isPartOf":{"@id":"https:\/\/kolaysoftoptik.com\/#website"},"datePublished":"2026-01-13T11:09:22+00:00","breadcrumb":{"@id":"https:\/\/kolaysoftoptik.com\/index.php\/urunler\/#breadcrumb"},"inLanguage":"tr","potentialAction":[{"@type":"ReadAction","target":["https:\/\/kolaysoftoptik.com\/index.php\/urunler\/"]}]},{"@type":"BreadcrumbList","@id":"https:\/\/kolaysoftoptik.com\/index.php\/urunler\/#breadcrumb","itemListElement":[{"@type":"ListItem","position":1,"name":"Anasayfa","item":"https:\/\/kolaysoftoptik.com\/"},{"@type":"ListItem","position":2,"name":"\u00dcr\u00fcnler"}]},{"@type":"WebSite","@id":"https:\/\/kolaysoftoptik.com\/#website","url":"https:\/\/kolaysoftoptik.com\/","name":"KolaysoftOptik","description":"Optik Ma\u011fazan\u0131z \u0130\u00e7in U\u00e7tan Uca Dijital \u00c7\u00f6z\u00fcmler","potentialAction":[{"@type":"SearchAction","target":{"@type":"EntryPoint","urlTemplate":"https:\/\/kolaysoftoptik.com\/?s={search_term_string}"},"query-input":{"@type":"PropertyValueSpecification","valueRequired":true,"valueName":"search_term_string"}}],"inLanguage":"tr"}]}},"_links":{"self":[{"href":"https:\/\/kolaysoftoptik.com\/index.php\/wp-json\/wp\/v2\/pages\/265","targetHints":{"allow":["GET"]}}],"collection":[{"href":"https:\/\/kolaysoftoptik.com\/index.php\/wp-json\/wp\/v2\/pages"}],"about":[{"href":"https:\/\/kolaysoftoptik.com\/index.php\/wp-json\/wp\/v2\/types\/page"}],"author":[{"embeddable":true,"href":"https:\/\/kolaysoftoptik.com\/index.php\/wp-json\/wp\/v2\/users\/1"}],"replies":[{"embeddable":true,"href":"https:\/\/kolaysoftoptik.com\/index.php\/wp-json\/wp\/v2\/comments?post=265"}],"version-history":[{"count":1,"href":"https:\/\/kolaysoftoptik.com\/index.php\/wp-json\/wp\/v2\/pages\/265\/revisions"}],"predecessor-version":[{"id":267,"href":"https:\/\/kolaysoftoptik.com\/index.php\/wp-json\/wp\/v2\/pages\/265\/revisions\/267"}],"wp:attachment":[{"href":"https:\/\/kolaysoftoptik.com\/index.php\/wp-json\/wp\/v2\/media?parent=265"}],"curies":[{"name":"wp","href":"https:\/\/api.w.org\/{rel}","templated":true}]}}