{"id":6473,"date":"2026-02-20T11:21:20","date_gmt":"2026-02-20T08:21:20","guid":{"rendered":"https:\/\/mediumorchid-antelope-178633.hostingersite.com\/?page_id=6473"},"modified":"2026-03-04T09:32:40","modified_gmt":"2026-03-04T06:32:40","slug":"ogo-fatura","status":"publish","type":"page","link":"https:\/\/kolaysoftoptik.com\/index.php\/ogo-fatura\/","title":{"rendered":"OGO Fatura"},"content":{"rendered":"\t\t<div data-elementor-type=\"wp-page\" data-elementor-id=\"6473\" class=\"elementor elementor-6473\" data-elementor-post-type=\"page\">\n\t\t\t\t\t\t<section class=\"elementor-section elementor-top-section elementor-element elementor-element-8c70ef7 elementor-section-boxed elementor-section-height-default elementor-section-height-default wpr-particle-no wpr-jarallax-no wpr-parallax-no wpr-sticky-section-no\" data-id=\"8c70ef7\" data-element_type=\"section\" data-settings=\"{&quot;background_background&quot;:&quot;classic&quot;}\">\n\t\t\t\t\t\t<div class=\"elementor-container elementor-column-gap-default\">\n\t\t\t\t\t<div class=\"elementor-column elementor-col-100 elementor-top-column elementor-element elementor-element-2a6376a\" data-id=\"2a6376a\" data-element_type=\"column\">\n\t\t\t<div class=\"elementor-widget-wrap elementor-element-populated\">\n\t\t\t\t\t\t<div class=\"elementor-element elementor-element-9d7419f elementor-widget elementor-widget-heading\" data-id=\"9d7419f\" data-element_type=\"widget\" data-widget_type=\"heading.default\">\n\t\t\t\t\t<h1 class=\"elementor-heading-title elementor-size-default\">OGO Fatura<\/h1>\t\t\t\t<\/div>\n\t\t\t\t\t<\/div>\n\t\t<\/div>\n\t\t\t\t\t<\/div>\n\t\t<\/section>\n\t\t<div class=\"elementor-element elementor-element-6540442 e-flex e-con-boxed wpr-particle-no wpr-jarallax-no wpr-parallax-no wpr-sticky-section-no e-con e-parent\" data-id=\"6540442\" data-element_type=\"container\">\n\t\t\t\t\t<div class=\"e-con-inner\">\n\t\t\t\t<div class=\"elementor-element elementor-element-b4d5612 elementor-widget elementor-widget-text-editor\" data-id=\"b4d5612\" data-element_type=\"widget\" data-widget_type=\"text-editor.default\">\n\t\t\t\t\t\t\t\t\t<p>OGO e-Fatura, T\u00fcm Optisyen ve G\u00f6zl\u00fck\u00e7\u00fcler Birli\u011fi (TOGB) ile Kolaysoft Teknoloji i\u015f birli\u011fiyle, optisyen ve g\u00f6zl\u00fck\u00e7\u00fcler i\u00e7in geli\u015ftirilmi\u015f sekt\u00f6re \u00f6zel bir e-D\u00f6n\u00fc\u015f\u00fcm portal\u0131d\u0131r.<\/p>\t\t\t\t\t\t\t\t<\/div>\n\t\t\t\t<div class=\"elementor-element elementor-element-3f7a149 elementor-widget elementor-widget-heading\" data-id=\"3f7a149\" data-element_type=\"widget\" data-widget_type=\"heading.default\">\n\t\t\t\t\t<h2 class=\"elementor-heading-title elementor-size-default\">K\u0131saca Ne Yapar?\n<\/h2>\t\t\t\t<\/div>\n\t\t\t\t<div class=\"elementor-element elementor-element-0c97083 elementor-widget elementor-widget-text-editor\" data-id=\"0c97083\" data-element_type=\"widget\" data-widget_type=\"text-editor.default\">\n\t\t\t\t\t\t\t\t\t<ul><li>e-Fatura, e-Ar\u015fiv, e-\u0130rsaliye ve e-Defter i\u015flemlerini tek panelden y\u00f6netmenizi sa\u011flar.<\/li><li>Medula ve UTS gibi sekt\u00f6rel sistemlerle entegre \u00e7al\u0131\u015f\u0131r.<\/li><li>Mevzuata %100 uyumlu ve g\u00fcvenlidir.<\/li><li>TOGB \u00fcyelerine \u00f6zel avantajl\u0131 fiyat ve destek sunar.<\/li><\/ul>\t\t\t\t\t\t\t\t<\/div>\n\t\t\t\t<div class=\"elementor-element elementor-element-910b790 elementor-widget elementor-widget-text-editor\" data-id=\"910b790\" data-element_type=\"widget\" data-widget_type=\"text-editor.default\">\n\t\t\t\t\t\t\t\t\t<p>\u00d6zetle:<br \/>Optik i\u015fletmelerin t\u00fcm elektronik belge s\u00fcre\u00e7lerini kolayla\u015ft\u0131ran, h\u0131zl\u0131 ve g\u00fcvenli bir dijital \u00e7\u00f6z\u00fcm platformudur.<\/p>\t\t\t\t\t\t\t\t<\/div>\n\t\t\t\t\t<\/div>\n\t\t\t\t<\/div>\n\t\t<div class=\"elementor-element elementor-element-36c4236 e-flex e-con-boxed wpr-particle-no wpr-jarallax-no wpr-parallax-no wpr-sticky-section-no e-con e-parent\" data-id=\"36c4236\" data-element_type=\"container\">\n\t\t\t\t\t<div class=\"e-con-inner\">\n\t\t\t\t<div class=\"elementor-element elementor-element-c530bc6 elementor-widget__width-initial elementor-widget elementor-widget-image\" data-id=\"c530bc6\" data-element_type=\"widget\" data-widget_type=\"image.default\">\n\t\t\t\t\t\t\t\t\t\t\t\t\t\t\t<img fetchpriority=\"high\" decoding=\"async\" width=\"1000\" height=\"446\" src=\"https:\/\/kolaysoftoptik.com\/wp-content\/uploads\/2026\/03\/6805.jpg\" class=\"attachment-full size-full wp-image-6623\" alt=\"\" srcset=\"https:\/\/kolaysoftoptik.com\/wp-content\/uploads\/2026\/03\/6805.jpg 1000w, https:\/\/kolaysoftoptik.com\/wp-content\/uploads\/2026\/03\/6805-300x134.jpg 300w, https:\/\/kolaysoftoptik.com\/wp-content\/uploads\/2026\/03\/6805-768x343.jpg 768w\" sizes=\"(max-width: 1000px) 100vw, 1000px\" \/>\t\t\t\t\t\t\t\t\t\t\t\t\t\t\t<\/div>\n\t\t\t\t\t<\/div>\n\t\t\t\t<\/div>\n\t\t\t\t<\/div>\n\t\t","protected":false},"excerpt":{"rendered":"<p>OGO Fatura OGO e-Fatura, T\u00fcm Optisyen ve G\u00f6zl\u00fck\u00e7\u00fcler Birli\u011fi (TOGB) ile Kolaysoft Teknoloji i\u015f birli\u011fiyle, optisyen ve g\u00f6zl\u00fck\u00e7\u00fcler i\u00e7in geli\u015ftirilmi\u015f sekt\u00f6re \u00f6zel bir e-D\u00f6n\u00fc\u015f\u00fcm portal\u0131d\u0131r. K\u0131saca Ne Yapar? e-Fatura, e-Ar\u015fiv, e-\u0130rsaliye ve e-Defter i\u015flemlerini tek panelden y\u00f6netmenizi sa\u011flar. Medula ve UTS gibi sekt\u00f6rel sistemlerle entegre \u00e7al\u0131\u015f\u0131r. Mevzuata %100 uyumlu ve g\u00fcvenlidir. TOGB \u00fcyelerine \u00f6zel avantajl\u0131 fiyat ve destek sunar. \u00d6zetle:Optik i\u015fletmelerin t\u00fcm elektronik belge s\u00fcre\u00e7lerini kolayla\u015ft\u0131ran, h\u0131zl\u0131 ve g\u00fcvenli bir dijital \u00e7\u00f6z\u00fcm platformudur.<\/p>\n","protected":false},"author":1,"featured_media":0,"parent":0,"menu_order":0,"comment_status":"closed","ping_status":"closed","template":"elementor_canvas","meta":{"footnotes":""},"class_list":["post-6473","page","type-page","status-publish","hentry"],"yoast_head":"<!-- This site is optimized with the Yoast SEO Premium plugin v27.3 (Yoast SEO v27.3) - https:\/\/yoast.com\/product\/yoast-seo-premium-wordpress\/ -->\n<title>OGO Fatura - KolaysoftOptik<\/title>\n<meta name=\"robots\" content=\"index, follow, max-snippet:-1, max-image-preview:large, max-video-preview:-1\" \/>\n<link rel=\"canonical\" href=\"https:\/\/kolaysoftoptik.com\/index.php\/ogo-fatura\/\" \/>\n<meta property=\"og:locale\" content=\"tr_TR\" \/>\n<meta property=\"og:type\" content=\"article\" \/>\n<meta property=\"og:title\" content=\"OGO Fatura\" \/>\n<meta property=\"og:description\" content=\"OGO Fatura OGO e-Fatura, T\u00fcm Optisyen ve G\u00f6zl\u00fck\u00e7\u00fcler Birli\u011fi (TOGB) ile Kolaysoft Teknoloji i\u015f birli\u011fiyle, optisyen ve g\u00f6zl\u00fck\u00e7\u00fcler i\u00e7in geli\u015ftirilmi\u015f sekt\u00f6re \u00f6zel bir e-D\u00f6n\u00fc\u015f\u00fcm portal\u0131d\u0131r. K\u0131saca Ne Yapar? e-Fatura, e-Ar\u015fiv, e-\u0130rsaliye ve e-Defter i\u015flemlerini tek panelden y\u00f6netmenizi sa\u011flar. Medula ve UTS gibi sekt\u00f6rel sistemlerle entegre \u00e7al\u0131\u015f\u0131r. Mevzuata %100 uyumlu ve g\u00fcvenlidir. TOGB \u00fcyelerine \u00f6zel avantajl\u0131 fiyat ve destek sunar. \u00d6zetle:Optik i\u015fletmelerin t\u00fcm elektronik belge s\u00fcre\u00e7lerini kolayla\u015ft\u0131ran, h\u0131zl\u0131 ve g\u00fcvenli bir dijital \u00e7\u00f6z\u00fcm platformudur.\" \/>\n<meta property=\"og:url\" content=\"https:\/\/kolaysoftoptik.com\/index.php\/ogo-fatura\/\" \/>\n<meta property=\"og:site_name\" content=\"KolaysoftOptik\" \/>\n<meta property=\"article:modified_time\" content=\"2026-03-04T06:32:40+00:00\" \/>\n<meta property=\"og:image\" content=\"https:\/\/kolaysoftoptik.com\/wp-content\/uploads\/2026\/03\/6805.jpg\" \/>\n\t<meta property=\"og:image:width\" content=\"1000\" \/>\n\t<meta property=\"og:image:height\" content=\"446\" \/>\n\t<meta property=\"og:image:type\" content=\"image\/jpeg\" \/>\n<meta name=\"twitter:card\" content=\"summary_large_image\" \/>\n<meta name=\"twitter:label1\" content=\"Tahmini okuma s\u00fcresi\" \/>\n\t<meta name=\"twitter:data1\" content=\"1 dakika\" \/>\n<script type=\"application\/ld+json\" class=\"yoast-schema-graph\">{\"@context\":\"https:\\\/\\\/schema.org\",\"@graph\":[{\"@type\":\"WebPage\",\"@id\":\"https:\\\/\\\/kolaysoftoptik.com\\\/index.php\\\/ogo-fatura\\\/\",\"url\":\"https:\\\/\\\/kolaysoftoptik.com\\\/index.php\\\/ogo-fatura\\\/\",\"name\":\"OGO Fatura - KolaysoftOptik\",\"isPartOf\":{\"@id\":\"https:\\\/\\\/kolaysoftoptik.com\\\/#website\"},\"primaryImageOfPage\":{\"@id\":\"https:\\\/\\\/kolaysoftoptik.com\\\/index.php\\\/ogo-fatura\\\/#primaryimage\"},\"image\":{\"@id\":\"https:\\\/\\\/kolaysoftoptik.com\\\/index.php\\\/ogo-fatura\\\/#primaryimage\"},\"thumbnailUrl\":\"https:\\\/\\\/kolaysoftoptik.com\\\/wp-content\\\/uploads\\\/2026\\\/03\\\/6805.jpg\",\"datePublished\":\"2026-02-20T08:21:20+00:00\",\"dateModified\":\"2026-03-04T06:32:40+00:00\",\"breadcrumb\":{\"@id\":\"https:\\\/\\\/kolaysoftoptik.com\\\/index.php\\\/ogo-fatura\\\/#breadcrumb\"},\"inLanguage\":\"tr\",\"potentialAction\":[{\"@type\":\"ReadAction\",\"target\":[\"https:\\\/\\\/kolaysoftoptik.com\\\/index.php\\\/ogo-fatura\\\/\"]}]},{\"@type\":\"ImageObject\",\"inLanguage\":\"tr\",\"@id\":\"https:\\\/\\\/kolaysoftoptik.com\\\/index.php\\\/ogo-fatura\\\/#primaryimage\",\"url\":\"https:\\\/\\\/kolaysoftoptik.com\\\/wp-content\\\/uploads\\\/2026\\\/03\\\/6805.jpg\",\"contentUrl\":\"https:\\\/\\\/kolaysoftoptik.com\\\/wp-content\\\/uploads\\\/2026\\\/03\\\/6805.jpg\",\"width\":1000,\"height\":446},{\"@type\":\"BreadcrumbList\",\"@id\":\"https:\\\/\\\/kolaysoftoptik.com\\\/index.php\\\/ogo-fatura\\\/#breadcrumb\",\"itemListElement\":[{\"@type\":\"ListItem\",\"position\":1,\"name\":\"Anasayfa\",\"item\":\"https:\\\/\\\/kolaysoftoptik.com\\\/\"},{\"@type\":\"ListItem\",\"position\":2,\"name\":\"OGO Fatura\"}]},{\"@type\":\"WebSite\",\"@id\":\"https:\\\/\\\/kolaysoftoptik.com\\\/#website\",\"url\":\"https:\\\/\\\/kolaysoftoptik.com\\\/\",\"name\":\"KolaysoftOptik\",\"description\":\"Optik Ma\u011fazan\u0131z \u0130\u00e7in U\u00e7tan Uca Dijital \u00c7\u00f6z\u00fcmler\",\"potentialAction\":[{\"@type\":\"SearchAction\",\"target\":{\"@type\":\"EntryPoint\",\"urlTemplate\":\"https:\\\/\\\/kolaysoftoptik.com\\\/?s={search_term_string}\"},\"query-input\":{\"@type\":\"PropertyValueSpecification\",\"valueRequired\":true,\"valueName\":\"search_term_string\"}}],\"inLanguage\":\"tr\"}]}<\/script>\n<!-- \/ Yoast SEO Premium plugin. -->","yoast_head_json":{"title":"OGO Fatura - KolaysoftOptik","robots":{"index":"index","follow":"follow","max-snippet":"max-snippet:-1","max-image-preview":"max-image-preview:large","max-video-preview":"max-video-preview:-1"},"canonical":"https:\/\/kolaysoftoptik.com\/index.php\/ogo-fatura\/","og_locale":"tr_TR","og_type":"article","og_title":"OGO Fatura","og_description":"OGO Fatura OGO e-Fatura, T\u00fcm Optisyen ve G\u00f6zl\u00fck\u00e7\u00fcler Birli\u011fi (TOGB) ile Kolaysoft Teknoloji i\u015f birli\u011fiyle, optisyen ve g\u00f6zl\u00fck\u00e7\u00fcler i\u00e7in geli\u015ftirilmi\u015f sekt\u00f6re \u00f6zel bir e-D\u00f6n\u00fc\u015f\u00fcm portal\u0131d\u0131r. K\u0131saca Ne Yapar? e-Fatura, e-Ar\u015fiv, e-\u0130rsaliye ve e-Defter i\u015flemlerini tek panelden y\u00f6netmenizi sa\u011flar. Medula ve UTS gibi sekt\u00f6rel sistemlerle entegre \u00e7al\u0131\u015f\u0131r. Mevzuata %100 uyumlu ve g\u00fcvenlidir. TOGB \u00fcyelerine \u00f6zel avantajl\u0131 fiyat ve destek sunar. \u00d6zetle:Optik i\u015fletmelerin t\u00fcm elektronik belge s\u00fcre\u00e7lerini kolayla\u015ft\u0131ran, h\u0131zl\u0131 ve g\u00fcvenli bir dijital \u00e7\u00f6z\u00fcm platformudur.","og_url":"https:\/\/kolaysoftoptik.com\/index.php\/ogo-fatura\/","og_site_name":"KolaysoftOptik","article_modified_time":"2026-03-04T06:32:40+00:00","og_image":[{"width":1000,"height":446,"url":"https:\/\/kolaysoftoptik.com\/wp-content\/uploads\/2026\/03\/6805.jpg","type":"image\/jpeg"}],"twitter_card":"summary_large_image","twitter_misc":{"Tahmini okuma s\u00fcresi":"1 dakika"},"schema":{"@context":"https:\/\/schema.org","@graph":[{"@type":"WebPage","@id":"https:\/\/kolaysoftoptik.com\/index.php\/ogo-fatura\/","url":"https:\/\/kolaysoftoptik.com\/index.php\/ogo-fatura\/","name":"OGO Fatura - KolaysoftOptik","isPartOf":{"@id":"https:\/\/kolaysoftoptik.com\/#website"},"primaryImageOfPage":{"@id":"https:\/\/kolaysoftoptik.com\/index.php\/ogo-fatura\/#primaryimage"},"image":{"@id":"https:\/\/kolaysoftoptik.com\/index.php\/ogo-fatura\/#primaryimage"},"thumbnailUrl":"https:\/\/kolaysoftoptik.com\/wp-content\/uploads\/2026\/03\/6805.jpg","datePublished":"2026-02-20T08:21:20+00:00","dateModified":"2026-03-04T06:32:40+00:00","breadcrumb":{"@id":"https:\/\/kolaysoftoptik.com\/index.php\/ogo-fatura\/#breadcrumb"},"inLanguage":"tr","potentialAction":[{"@type":"ReadAction","target":["https:\/\/kolaysoftoptik.com\/index.php\/ogo-fatura\/"]}]},{"@type":"ImageObject","inLanguage":"tr","@id":"https:\/\/kolaysoftoptik.com\/index.php\/ogo-fatura\/#primaryimage","url":"https:\/\/kolaysoftoptik.com\/wp-content\/uploads\/2026\/03\/6805.jpg","contentUrl":"https:\/\/kolaysoftoptik.com\/wp-content\/uploads\/2026\/03\/6805.jpg","width":1000,"height":446},{"@type":"BreadcrumbList","@id":"https:\/\/kolaysoftoptik.com\/index.php\/ogo-fatura\/#breadcrumb","itemListElement":[{"@type":"ListItem","position":1,"name":"Anasayfa","item":"https:\/\/kolaysoftoptik.com\/"},{"@type":"ListItem","position":2,"name":"OGO Fatura"}]},{"@type":"WebSite","@id":"https:\/\/kolaysoftoptik.com\/#website","url":"https:\/\/kolaysoftoptik.com\/","name":"KolaysoftOptik","description":"Optik Ma\u011fazan\u0131z \u0130\u00e7in U\u00e7tan Uca Dijital \u00c7\u00f6z\u00fcmler","potentialAction":[{"@type":"SearchAction","target":{"@type":"EntryPoint","urlTemplate":"https:\/\/kolaysoftoptik.com\/?s={search_term_string}"},"query-input":{"@type":"PropertyValueSpecification","valueRequired":true,"valueName":"search_term_string"}}],"inLanguage":"tr"}]}},"_links":{"self":[{"href":"https:\/\/kolaysoftoptik.com\/index.php\/wp-json\/wp\/v2\/pages\/6473","targetHints":{"allow":["GET"]}}],"collection":[{"href":"https:\/\/kolaysoftoptik.com\/index.php\/wp-json\/wp\/v2\/pages"}],"about":[{"href":"https:\/\/kolaysoftoptik.com\/index.php\/wp-json\/wp\/v2\/types\/page"}],"author":[{"embeddable":true,"href":"https:\/\/kolaysoftoptik.com\/index.php\/wp-json\/wp\/v2\/users\/1"}],"replies":[{"embeddable":true,"href":"https:\/\/kolaysoftoptik.com\/index.php\/wp-json\/wp\/v2\/comments?post=6473"}],"version-history":[{"count":13,"href":"https:\/\/kolaysoftoptik.com\/index.php\/wp-json\/wp\/v2\/pages\/6473\/revisions"}],"predecessor-version":[{"id":6626,"href":"https:\/\/kolaysoftoptik.com\/index.php\/wp-json\/wp\/v2\/pages\/6473\/revisions\/6626"}],"wp:attachment":[{"href":"https:\/\/kolaysoftoptik.com\/index.php\/wp-json\/wp\/v2\/media?parent=6473"}],"curies":[{"name":"wp","href":"https:\/\/api.w.org\/{rel}","templated":true}]}}